{"id":2,"date":"2025-02-12T09:42:48","date_gmt":"2025-02-12T09:42:48","guid":{"rendered":"https:\/\/younicsolucoes.com.br\/?page_id=2"},"modified":"2025-02-12T15:13:16","modified_gmt":"2025-02-12T15:13:16","slug":"sample-page","status":"publish","type":"page","link":"https:\/\/younicsolucoes.com.br\/","title":{"rendered":"In\u00edcio"},"content":{"rendered":"<section class=\"l-section wpb_row us_custom_054583d2 height_huge\"><div class=\"l-section-h i-cf\"><div class=\"g-cols vc_row via_grid cols_1 laptops-cols_inherit tablets-cols_inherit mobiles-cols_1 valign_top type_default stacking_default\"><div class=\"wpb_column vc_column_container\"><div class=\"vc_column-inner\"><div class=\"w-separator hide_on_tablets hide_on_mobiles size_huge\"><\/div><h1 class=\"w-text us_custom_8e0e9a2c has_text_color\"><span class=\"w-text-h\"><span class=\"w-text-value\">younic<\/span><\/span><\/h1><div class=\"w-separator size_medium\"><\/div><div class=\"wpb_text_column us_custom_a3635a3b has_text_color\"><div class=\"wpb_wrapper\"><p>Solu\u00e7\u00f5es que v\u00e3o muito<br \/>al\u00e9m do marketing<\/p>\n<\/div><\/div><div class=\"w-separator hide_on_tablets hide_on_mobiles size_huge\"><\/div><\/div><\/div><\/div><\/div><\/section><section class=\"l-section wpb_row us_custom_b581a63f height_auto\"><div class=\"l-section-h i-cf\"><div class=\"g-cols vc_row via_grid cols_2 laptops-cols_inherit tablets-cols_inherit mobiles-cols_1 valign_middle type_default stacking_default\"><div class=\"wpb_column vc_column_container\"><div class=\"vc_column-inner\"><div class=\"w-iconbox us_custom_9eee4631 bloco-icone iconpos_left style_default color_primary align_none icontype_img\"><div class=\"w-iconbox-icon\" style=\"font-size:max( 50px, 5vw );\"><img loading=\"lazy\" decoding=\"async\" width=\"107\" height=\"107\" src=\"https:\/\/younicsolucoes.com.br\/wp-content\/uploads\/2025\/02\/ICO_01.png\" class=\"attachment-full size-full\" alt=\"\" \/><\/div><div class=\"w-iconbox-meta\"><div class=\"w-iconbox-title\">Marketing pol\u00edtico<\/div><div class=\"w-iconbox-text\"><p>Planejamento estrat\u00e9gico <br \/>de mandatos e campanhas<\/p>\n<\/div><\/div><\/div><div class=\"w-separator size_medium\"><\/div><div class=\"w-iconbox us_custom_9eee4631 bloco-icone iconpos_left style_default color_primary align_none icontype_img\"><div class=\"w-iconbox-icon\" style=\"font-size:max( 50px, 5vw );\"><img loading=\"lazy\" decoding=\"async\" width=\"107\" height=\"107\" src=\"https:\/\/younicsolucoes.com.br\/wp-content\/uploads\/2025\/02\/ICO_02.png\" class=\"attachment-full size-full\" alt=\"\" \/><\/div><div class=\"w-iconbox-meta\"><div class=\"w-iconbox-title\">Acompanhamento jur\u00eddico e cont\u00e1bil<\/div><div class=\"w-iconbox-text\"><p>Assessoria t\u00e9cnica <br \/>de alta performance<\/p>\n<\/div><\/div><\/div><div class=\"w-separator size_medium\"><\/div><div class=\"w-iconbox us_custom_9eee4631 bloco-icone iconpos_left style_default color_primary align_none icontype_img\"><div class=\"w-iconbox-icon\" style=\"font-size:max( 50px, 5vw );\"><img loading=\"lazy\" decoding=\"async\" width=\"103\" height=\"106\" src=\"https:\/\/younicsolucoes.com.br\/wp-content\/uploads\/2025\/02\/ICO_03.png\" class=\"attachment-full size-full\" alt=\"\" \/><\/div><div class=\"w-iconbox-meta\"><div class=\"w-iconbox-title\">Suporte administrativo<\/div><div class=\"w-iconbox-text\"><p>Consultoria especializada <br \/>em gest\u00e3o p\u00fablica<\/p>\n<\/div><\/div><\/div><div class=\"w-separator size_medium\"><\/div><div class=\"w-text\"><span class=\"w-text-h\"><span class=\"w-text-value\">Uma equipe altamente capacitada e experiente, com cases de destaque e resultados comprovados, \u00e0 disposi\u00e7\u00e3o do seu projeto.<\/span><\/span><\/div><\/div><\/div><div class=\"wpb_column vc_column_container stretched\"><div class=\"vc_column-inner\"><div class=\"w-image us_custom_0ee32ec4 align_none\"><div class=\"w-image-h\"><img decoding=\"async\" width=\"1023\" height=\"1020\" src=\"https:\/\/younicsolucoes.com.br\/wp-content\/uploads\/2025\/02\/IMG02-e1739355835290.png\" class=\"attachment-large size-large\" alt=\"\" loading=\"lazy\" srcset=\"https:\/\/younicsolucoes.com.br\/wp-content\/uploads\/2025\/02\/IMG02-e1739355835290.png 1023w, https:\/\/younicsolucoes.com.br\/wp-content\/uploads\/2025\/02\/IMG02-e1739355835290-300x300.png 300w, https:\/\/younicsolucoes.com.br\/wp-content\/uploads\/2025\/02\/IMG02-e1739355835290-150x150.png 150w\" sizes=\"auto, (max-width: 1023px) 100vw, 1023px\" \/><\/div><\/div><\/div><\/div><\/div><\/div><\/section><section class=\"l-section wpb_row us_custom_d521b1be height_medium\"><div class=\"l-section-h i-cf\"><div class=\"g-cols vc_row via_grid cols_1 laptops-cols_inherit tablets-cols_inherit mobiles-cols_1 valign_top type_default stacking_default\"><div class=\"wpb_column vc_column_container\"><div class=\"vc_column-inner\"><h2 class=\"w-text us_custom_254e5fd6 has_text_color\"><span class=\"w-text-h\"><span class=\"w-text-value\">Capacita\u00e7\u00e3o para gestores, pol\u00edticos, candidatos e partidos<\/span><\/span><\/h2><div class=\"w-separator size_medium\"><\/div><div class=\"w-hwrapper valign_middle wrap default_align_center laptops_align_center tablets_align_left mobiles_align_left\" style=\"--hwrapper-gap:4rem\"><div class=\"w-iconbox us_custom_14c36fdd has_text_color iconpos_left style_default color_contrast align_none no_title\"><div class=\"w-iconbox-icon\" style=\"font-size:2rem;\"><i class=\"far fa-check-square\"><\/i><\/div><div class=\"w-iconbox-meta\"><div class=\"w-iconbox-text\"><p>Palestras<\/p>\n<\/div><\/div><\/div><div class=\"w-iconbox us_custom_14c36fdd has_text_color iconpos_left style_default color_contrast align_none no_title\"><div class=\"w-iconbox-icon\" style=\"font-size:2rem;\"><i class=\"far fa-check-square\"><\/i><\/div><div class=\"w-iconbox-meta\"><div class=\"w-iconbox-text\"><p>Workshops<\/p>\n<\/div><\/div><\/div><div class=\"w-iconbox us_custom_14c36fdd has_text_color iconpos_left style_default color_contrast align_none no_title\"><div class=\"w-iconbox-icon\" style=\"font-size:2rem;\"><i class=\"far fa-check-square\"><\/i><\/div><div class=\"w-iconbox-meta\"><div class=\"w-iconbox-text\"><p>Cursos de forma\u00e7\u00e3o<\/p>\n<\/div><\/div><\/div><\/div><\/div><\/div><\/div><\/div><\/section><section class=\"l-section wpb_row us_custom_eac59c77 height_small\"><div class=\"l-section-h i-cf\"><div class=\"g-cols vc_row via_grid cols_2 laptops-cols_inherit tablets-cols_inherit mobiles-cols_1 valign_top type_default stacking_default\" style=\"--columns-gap:1rem;\"><div class=\"wpb_column vc_column_container\"><div class=\"vc_column-inner\"><h3 class=\"w-text us_custom_8535c5f4\"><span class=\"w-text-h\"><span class=\"w-text-value\">younic<\/span><\/span><\/h3><\/div><\/div><div class=\"wpb_column vc_column_container\"><div class=\"vc_column-inner\"><div class=\"w-hwrapper valign_middle wrap align_none\" style=\"--hwrapper-gap:1rem\"><div class=\"w-iconbox us_custom_aead5eb5 iconpos_left style_default color_primary align_none no_title\"><a target=\"_blank\" href=\"https:\/\/wa.me\/+5515981040005\" class=\"w-iconbox-link\" aria-label=\"fab|whatsapp\"><div class=\"w-iconbox-icon\" style=\"font-size:2rem;\"><i class=\"fab fa-whatsapp\"><\/i><\/div><\/a><div class=\"w-iconbox-meta\"><div class=\"w-iconbox-text\"><p><a href=\"https:\/\/wa.me\/+5515981040005\" target=\"_blank\" rel=\"noopener\">(15) 98104-0005<\/a><\/p>\n<\/div><\/div><\/div><div class=\"w-iconbox us_custom_aead5eb5 iconpos_left style_default color_primary align_none no_title\"><a target=\"_blank\" href=\"https:\/\/instagram.com\/younic.solucoes\" class=\"w-iconbox-link\" aria-label=\"fab|instagram\"><div class=\"w-iconbox-icon\" style=\"font-size:2rem;\"><i class=\"fab fa-instagram\"><\/i><\/div><\/a><div class=\"w-iconbox-meta\"><div class=\"w-iconbox-text\"><p><a href=\"https:\/\/instagram.com\/younic.solucoes\" target=\"_blank\" rel=\"noopener\">@younic.solucoes<\/a><\/p>\n<\/div><\/div><\/div><\/div><\/div><\/div><\/div><\/div><\/section>\n","protected":false},"excerpt":{"rendered":"younicSolu\u00e7\u00f5es que v\u00e3o muitoal\u00e9m do marketing Marketing pol\u00edticoPlanejamento estrat\u00e9gico de mandatos e campanhas Acompanhamento jur\u00eddico e cont\u00e1bilAssessoria t\u00e9cnica de alta performance Suporte administrativoConsultoria especializada em gest\u00e3o p\u00fablica Uma equipe altamente capacitada e experiente, com cases de destaque e resultados comprovados, \u00e0 disposi\u00e7\u00e3o do seu projeto.Capacita\u00e7\u00e3o para gestores, pol\u00edticos, candidatos e partidosPalestras Workshops Cursos de forma\u00e7\u00e3o...","protected":false},"author":1,"featured_media":0,"parent":0,"menu_order":0,"comment_status":"closed","ping_status":"closed","template":"","meta":{"footnotes":""},"class_list":["post-2","page","type-page","status-publish","hentry"],"_links":{"self":[{"href":"https:\/\/younicsolucoes.com.br\/index.php\/wp-json\/wp\/v2\/pages\/2","targetHints":{"allow":["GET"]}}],"collection":[{"href":"https:\/\/younicsolucoes.com.br\/index.php\/wp-json\/wp\/v2\/pages"}],"about":[{"href":"https:\/\/younicsolucoes.com.br\/index.php\/wp-json\/wp\/v2\/types\/page"}],"author":[{"embeddable":true,"href":"https:\/\/younicsolucoes.com.br\/index.php\/wp-json\/wp\/v2\/users\/1"}],"replies":[{"embeddable":true,"href":"https:\/\/younicsolucoes.com.br\/index.php\/wp-json\/wp\/v2\/comments?post=2"}],"version-history":[{"count":0,"href":"https:\/\/younicsolucoes.com.br\/index.php\/wp-json\/wp\/v2\/pages\/2\/revisions"}],"wp:attachment":[{"href":"https:\/\/younicsolucoes.com.br\/index.php\/wp-json\/wp\/v2\/media?parent=2"}],"curies":[{"name":"wp","href":"https:\/\/api.w.org\/{rel}","templated":true}]}}